{"id":1061,"date":"2018-04-01T23:45:26","date_gmt":"2018-04-01T21:45:26","guid":{"rendered":"http:\/\/www.sp3ciechanow.pl\/bip\/?page_id=1061"},"modified":"2018-04-01T23:45:50","modified_gmt":"2018-04-01T21:45:50","slug":"redakcja","status":"publish","type":"page","link":"https:\/\/www.sp3ciechanow.eu\/bip\/?page_id=1061","title":{"rendered":"redakcja"},"content":{"rendered":"<p>[vc_row][vc_column][vc_column_text]<strong>Beata Staro\u0144 &#8211; redakcja<\/strong><\/p>\n<p>Szko\u0142a Podstawowa nr 3 w Ciechanowie im. Or\u0142a Bia\u0142ego<br \/>\nul. Powsta\u0144c\u00f3w Wielkopolskich 1<br \/>\n06-413 Ciechan\u00f3w<br \/>\nwoj. mazowieckie<br \/>\ntel. \/ fax (023) 672 48 22<br \/>\ne-mail: sp3@poczta.onet.pl<\/p>\n<p><iframe loading=\"lazy\" src=\"https:\/\/www.google.com\/maps\/embed?pb=!1m18!1m12!1m3!1d2407.669395649095!2d20.63026421609835!3d52.88236897988444!2m3!1f0!2f0!3f0!3m2!1i1024!2i768!4f13.1!3m3!1m2!1s0x471c2ea9379a1261%3A0x76e9c47b2eee40a!2sPowsta%C5%84c%C3%B3w+Wielkopolskich+1%2C+06-413+Ciechan%C3%B3w!5e0!3m2!1spl!2spl!4v1510921165339\" width=\"600\" height=\"450\" frameborder=\"0\" allowfullscreen=\"allowfullscreen\" data-mce-fragment=\"1\"><\/iframe>[\/vc_column_text][\/vc_column][\/vc_row]<\/p>\n","protected":false},"excerpt":{"rendered":"<p>[vc_row][vc_column][vc_column_text]Beata Staro\u0144 &#8211; redakcja Szko\u0142a Podstawowa nr 3 w Ciechanowie im. Or\u0142a Bia\u0142ego ul. Powsta\u0144c\u00f3w Wielkopolskich 1 06-413 Ciechan\u00f3w woj. mazowieckie tel. \/ fax (023) 672 48 22 e-mail: sp3@poczta.onet.pl [\/vc_column_text][\/vc_column][\/vc_row]<\/p>\n","protected":false},"author":1,"featured_media":0,"parent":0,"menu_order":0,"comment_status":"closed","ping_status":"closed","template":"","meta":[],"_links":{"self":[{"href":"https:\/\/www.sp3ciechanow.eu\/bip\/index.php?rest_route=\/wp\/v2\/pages\/1061"}],"collection":[{"href":"https:\/\/www.sp3ciechanow.eu\/bip\/index.php?rest_route=\/wp\/v2\/pages"}],"about":[{"href":"https:\/\/www.sp3ciechanow.eu\/bip\/index.php?rest_route=\/wp\/v2\/types\/page"}],"author":[{"embeddable":true,"href":"https:\/\/www.sp3ciechanow.eu\/bip\/index.php?rest_route=\/wp\/v2\/users\/1"}],"replies":[{"embeddable":true,"href":"https:\/\/www.sp3ciechanow.eu\/bip\/index.php?rest_route=%2Fwp%2Fv2%2Fcomments&post=1061"}],"version-history":[{"count":2,"href":"https:\/\/www.sp3ciechanow.eu\/bip\/index.php?rest_route=\/wp\/v2\/pages\/1061\/revisions"}],"predecessor-version":[{"id":1063,"href":"https:\/\/www.sp3ciechanow.eu\/bip\/index.php?rest_route=\/wp\/v2\/pages\/1061\/revisions\/1063"}],"wp:attachment":[{"href":"https:\/\/www.sp3ciechanow.eu\/bip\/index.php?rest_route=%2Fwp%2Fv2%2Fmedia&parent=1061"}],"curies":[{"name":"wp","href":"https:\/\/api.w.org\/{rel}","templated":true}]}}