{"id":1069,"date":"2018-04-02T20:37:29","date_gmt":"2018-04-02T18:37:29","guid":{"rendered":"http:\/\/www.sp3ciechanow.pl\/bip\/?page_id=1069"},"modified":"2019-11-05T10:53:17","modified_gmt":"2019-11-05T09:53:17","slug":"nabor-na-stanowiska","status":"publish","type":"page","link":"https:\/\/www.sp3ciechanow.eu\/bip\/?page_id=1069","title":{"rendered":"nab\u00f3r na stanowiska"},"content":{"rendered":"<p>[vc_row][vc_column][vc_column_text]<strong>Og\u0142oszenie o naborze na stanowisko nauczyciela wspomagaj\u0105cego<\/strong><\/p>\n<p><strong>\u00a0<\/strong><\/p>\n<p>Dyrektor Szko\u0142y Podstawowej nr 3 im. Or\u0142a Bia\u0142ego w Ciechanowie og\u0142asza nab\u00f3r na stanowisko nauczyciela wspomagaj\u0105cego:<\/p>\n<ol>\n<li>Wymagane kwalifikacje: wykszta\u0142cenie wy\u017csze z przygotowaniem pedagogicznym o specjalno\u015bci<\/li>\n<\/ol>\n<p>pedagogika specjalna<\/p>\n<ol start=\"2\">\n<li>Sta\u017c pracy: nie jest wymagany<\/li>\n<li>Wymiar zatrudnienia &#8211; pensum: 20 godz.<\/li>\n<li>Wynagrodzenie \u2013 w zale\u017cno\u015bci od stopnia awansu zawodowego nauczyciela<\/li>\n<li>Czas trwania umowy : umowa o prac\u0119 na czas okre\u015blony od 12.11.2019r do 26.06.2020r.<\/li>\n<\/ol>\n<p>&nbsp;<\/p>\n<p><strong>Zakres czynno\u015bci osoby zatrudnionej na stanowisku nauczyciela wspomagaj\u0105cego: <\/strong><\/p>\n<p>&#8211; wsparcie ucznia w bie\u017c\u0105cej pracy podczas zaj\u0119\u0107 edukacyjnych adekwatnie do potrzeb wynikaj\u0105cych z orzeczenia o potrzebie kszta\u0142cenia specjalnego,<\/p>\n<p>&#8211; realizacja czynno\u015bci opieku\u0144czych,<\/p>\n<p>&#8211; dokonywanie wielospecjalistycznej oceny poziomu funkcjonowania ucznia,<\/p>\n<p>&#8211; informowanie nauczycieli o post\u0119pach i trudno\u015bciach ucznia w toku zaj\u0119\u0107, pomoc nauczycielom w dostosowywaniu wymaga\u0144 edukacyjnych,<\/p>\n<p>&#8211; udzia\u0142 w pracach zespo\u0142u nauczycieli i specjalist\u00f3w pracuj\u0105cych z uczniem,<\/p>\n<p>&#8211; opracowanie i modyfikacja IPET,<\/p>\n<p>&#8211; wsp\u00f3\u0142praca z nauczycielami w zakresie przygotowania si\u0119 do zaj\u0119\u0107, pomoc w dostosowaniu wymaga\u0144 odpowiednio do potrzeb ucznia, przygotowanie materia\u0142\u00f3w i pomocy do zaj\u0119\u0107.<\/p>\n<p>&nbsp;<\/p>\n<p><strong>Wymagania dodatkowe: <\/strong><\/p>\n<p>&#8211; \u0142atwo\u015b\u0107 nawi\u0105zywania i podtrzymywania przyjaznych oraz konstruktywnych relacji z dzie\u0107mi,<\/p>\n<p>&#8211; mile widziane zdolno\u015bci plastyczne, muzyczne, organizacyjne,<\/p>\n<p>&#8211; umiej\u0119tno\u015b\u0107 pracy w zespole<\/p>\n<p>&#8211; kreatywno\u015b\u0107 i umiej\u0119tno\u015b\u0107 samodzielnego podejmowania decyzji;<\/p>\n<p>&#8211; odporno\u015b\u0107 na stres;<\/p>\n<p>&#8211; obowi\u0105zkowo\u015b\u0107, rzetelno\u015b\u0107.<\/p>\n<p>&nbsp;<\/p>\n<p><strong>Wymagane dokumenty: <\/strong><\/p>\n<p>1) list motywacyjny;<\/p>\n<p>2) CV z opisem przebiegu pracy zawodowej;<\/p>\n<p>3) kserokopie \u015bwiadectw pracy;<\/p>\n<p>4) kserokopie dokument\u00f3w potwierdzaj\u0105ce wykszta\u0142cenie i kwalifikacje zawodowe;<\/p>\n<p>5) o\u015bwiadczenie o niekaralno\u015bci i wyra\u017ceniu zgody na przetwarzanie danych osobowych zawartych w ofercie pracy dla potrzeb niezb\u0119dnych do realizacji procesu rekrutacyjnego zgodnie z Ustaw\u0105 z dnia 29 sierpnia 1997 r. o ochronie danych osobowych (Dz. U. 2016 poz. 922).<\/p>\n<p>6) inne dokumenty o posiadanych kwalifikacjach i umiej\u0119tno\u015bciach.<\/p>\n<p>&nbsp;<\/p>\n<p><strong>Forma, miejsce i termin sk\u0142adania ofert:<\/strong><strong>\u00a0<\/strong><\/p>\n<p>Oferty nale\u017cy z\u0142o\u017cy\u0107 w formie pisemnej w zamkni\u0119tej kopercie- poczt\u0105 lub osobi\u015bcie w plac\u00f3wce z dopiskiem: \u201eNab\u00f3r na stanowisko: nauczyciel wspomagaj\u0105cy\u201d w terminie od\u00a0<strong>31.10.2019 r. do\u00a006.11.2019<\/strong>\u00a0r. do\u00a0<strong>godz.15.00<\/strong>\u00a0.<br \/>\nInformacja o ewentualnej rozmowie kwalifikacyjnej zostanie przekazana telefonicznie kandydatom, kt\u00f3rzy spe\u0142nili warunki udzia\u0142u w naborze w oparciu o przed\u0142o\u017cone dokumenty.<br \/>\nKopie dokument\u00f3w nale\u017cy opatrzy\u0107 klauzul\u0105 \u201e za zgodno\u015b\u0107 z orygina\u0142em\u201d, pozosta\u0142e winny by\u0107 podpisane przez kandydata\/k\u0119.<br \/>\nWyniki naboru na w\/w stanowisko zostan\u0105 zamieszczone w BIP Szko\u0142y Podstawowej nr 3 im. Or\u0142a Bia\u0142ego w Ciechanowie w terminie\u00a007.11.2019 r. do godz.15.00.<\/p>\n<p>&nbsp;<\/p>\n<p><strong>OBOWI\u0104ZEK INFORMACYJNY ZGODNY Z ART. 13 UST. 1 RODO<\/strong><\/p>\n<p>Zgodnie z art. 13 Rozporz\u0105dzenia Parlamentu Europejskiego i Rady (UE) 2016\/679 z 27 kwietnia 2016 r. w sprawie ochrony os\u00f3b fizycznych w zwi\u0105zku z przetwarzaniem danych osobowych i w sprawie swobodnego przep\u0142ywu takich danych oraz uchylenia dyrektywy 95\/46\/WE (4.5.2016 L 119\/38 Dziennik Urz\u0119dowy Unii Europejskiej PL)<\/p>\n<p><strong>Klauzula informacyjna dla kandydat\u00f3w do pracy <\/strong><\/p>\n<ol>\n<li>Administratorem Pa\u0144stwa danych osobowych jest Szko\u0142a Podstawowa nr 3 im. Or\u0142a Bia\u0142ego w Ciechanowie. Z Administratorem mo\u017cna skontaktowa\u0107 si\u0119 listownie ( na adres ul. Powsta\u0144c\u00f3w Wielkopolskich 1, 06 \u2013 400 Ciechan\u00f3w)\u00a0 lub osobi\u015bcie lub \u00a0e-mailowo: <a href=\"mailto:sp3@poczta.onet.pl\">sp3@poczta.onet.pl<\/a>; tel. 023 672 48 22.<\/li>\n<li>Inspektorem Ochrony Danych jest Pani Aneta Dziewanowska, kontakt e-mail: <a href=\"mailto:rodo.aneta@gmail.com\">rodo.aneta@gmail.com<\/a>, tel. 023 672 48 22<\/li>\n<li>Pa\u0144stwa dane kontaktowe s\u0105 przetwarzane w celu przeprowadzenia rekrutacji na stanowisko pracownicze do [&#8230;]\u00a0 , na podstawie:\n<ol>\n<li>art. 6 ust. 1 lit. c RODO tj. gdy przetwarzanie jest niezb\u0119dne do wype\u0142nienia obowi\u0105zku prawnego ci\u0105\u017c\u0105cego na plac\u00f3wce, w tym w zwi\u0105zku\u00a0\u00a0z wykonaniem obowi\u0105zk\u00f3w na\u0142o\u017conych art. 22 (1) par. 1 Kodeksu Pracy, art. 10 ust. 5 Karty Nauczyciela, art. 13\/14 ustawy z dnia 14 grudnia 2016 r. Prawo o\u015bwiatowe (Dz.U. z 2017 r., poz., 59)<\/li>\n<li>art. 6 ust. 1 lit. a RODO tj. na podstawie zgody udzielonej w celach okre\u015blonych ka\u017cdorazowo\u00a0 w przekazywanych formularzach zgody,<\/li>\n<li>art. 6 ust. 1 lit. b RODO &#8211; podj\u0119cie dzia\u0142a\u0144 na \u017c\u0105danie osoby, kt\u00f3rej dane dotycz\u0105, przed zawarciem umowy.<\/li>\n<\/ol>\n<\/li>\n<li>Odbiorcami danych s\u0105 upowa\u017cnieni pracownicy Administratora, podmioty, kt\u00f3rym nale\u017cy udost\u0119pni\u0107 dane osobowe w celu wykonania obowi\u0105zku prawnego, a tak\u017ce podmioty, kt\u00f3rym dane zostan\u0105 powierzone do zrealizowania cel\u00f3w przetwarzania.<\/li>\n<li>Pa\u0144stwa dane osobowe b\u0119d\u0105 przechowywane do zako\u0144czenia procesu rekrutacji, chyba \u017ce wyra\u017c\u0105 Pa\u0144stwo zgod\u0119 na ich przetwarzanie na potrzeby dalszych proces\u00f3w rekrutacyjnych.<\/li>\n<li>Maj\u0105 Pa\u0144stwo prawo \u017c\u0105dania od Administratora dost\u0119pu do swoich danych osobowych, ich sprostowania, usuni\u0119cia lub ograniczenia przetwarzania, prawo do niesienia sprzeciwu wobec przetwarzania, a tak\u017ce prawo do przenoszenia danych.<\/li>\n<li>W przypadku danych przetwarzanych na podstawie zgody, maj\u0105 Pa\u0144stwo prawo do cofni\u0119cia zgody w\u00a0dowolnym momencie bez wp\u0142ywu na zgodno\u015b\u0107 z\u00a0prawem przetwarzania, kt\u00f3rego dokonano na podstawie zgody przed jej cofni\u0119ciem.<\/li>\n<li>Maj\u0105 Pa\u0144stwo prawo wnie\u015b\u0107 skarg\u0119 do organu nadzorczego, kt\u00f3rym jest Prezes Urz\u0119du Ochrony Danych Osobowych, je\u015bli uznaj\u0105 Pa\u0144stwo,\u00a0i\u017c przetwarzanie przez Administratora Pa\u0144stwa danych osobowych narusza przepisy dot. ochrony danych osobowych.<\/li>\n<li>Podanie danych osobowych jest dobrowolne, ale w celu uczestniczenia w rekrutacji s\u0105 Pa\u0144stwo zobowi\u0105zani do podania danych. Niepodanie danych skutkuje odmow\u0105 uczestnictwa w rekrutacji.<\/li>\n<\/ol>\n<p>[\/vc_column_text][\/vc_column][\/vc_row]<\/p>\n","protected":false},"excerpt":{"rendered":"<p>[vc_row][vc_column][vc_column_text]Og\u0142oszenie o naborze na stanowisko nauczyciela wspomagaj\u0105cego \u00a0 Dyrektor Szko\u0142y Podstawowej nr 3 im. Or\u0142a Bia\u0142ego w Ciechanowie og\u0142asza nab\u00f3r na stanowisko nauczyciela wspomagaj\u0105cego: Wymagane kwalifikacje: wykszta\u0142cenie wy\u017csze z przygotowaniem pedagogicznym o specjalno\u015bci pedagogika specjalna Sta\u017c pracy: nie jest wymagany Wymiar zatrudnienia &#8211; pensum: 20 godz. Wynagrodzenie \u2013 w zale\u017cno\u015bci od stopnia awansu zawodowego nauczyciela [&hellip;]<\/p>\n","protected":false},"author":1,"featured_media":0,"parent":0,"menu_order":0,"comment_status":"closed","ping_status":"closed","template":"","meta":[],"_links":{"self":[{"href":"https:\/\/www.sp3ciechanow.eu\/bip\/index.php?rest_route=\/wp\/v2\/pages\/1069"}],"collection":[{"href":"https:\/\/www.sp3ciechanow.eu\/bip\/index.php?rest_route=\/wp\/v2\/pages"}],"about":[{"href":"https:\/\/www.sp3ciechanow.eu\/bip\/index.php?rest_route=\/wp\/v2\/types\/page"}],"author":[{"embeddable":true,"href":"https:\/\/www.sp3ciechanow.eu\/bip\/index.php?rest_route=\/wp\/v2\/users\/1"}],"replies":[{"embeddable":true,"href":"https:\/\/www.sp3ciechanow.eu\/bip\/index.php?rest_route=%2Fwp%2Fv2%2Fcomments&post=1069"}],"version-history":[{"count":10,"href":"https:\/\/www.sp3ciechanow.eu\/bip\/index.php?rest_route=\/wp\/v2\/pages\/1069\/revisions"}],"predecessor-version":[{"id":1212,"href":"https:\/\/www.sp3ciechanow.eu\/bip\/index.php?rest_route=\/wp\/v2\/pages\/1069\/revisions\/1212"}],"wp:attachment":[{"href":"https:\/\/www.sp3ciechanow.eu\/bip\/index.php?rest_route=%2Fwp%2Fv2%2Fmedia&parent=1069"}],"curies":[{"name":"wp","href":"https:\/\/api.w.org\/{rel}","templated":true}]}}