{"id":1071,"date":"2018-04-02T20:37:45","date_gmt":"2018-04-02T18:37:45","guid":{"rendered":"http:\/\/www.sp3ciechanow.pl\/bip\/?page_id=1071"},"modified":"2019-10-21T12:32:18","modified_gmt":"2019-10-21T10:32:18","slug":"pracownicy","status":"publish","type":"page","link":"https:\/\/www.sp3ciechanow.eu\/bip\/?page_id=1071","title":{"rendered":"pracownicy"},"content":{"rendered":"<p>[vc_row][vc_column][vc_column_text]Andrzej Niest\u0119pski &#8211; p.o. dyrektor<\/p>\n<p>El\u017cbieta Wodzy\u0144ska &#8211; dyrektor<\/p>\n<p>Bo\u017cena Zalewska-Szw\u0119ch\u00a0 &#8211; wicedyrektor<\/p>\n<p>Ma\u0142gorzata Chlebowska &#8211; wicedyrektor<\/p>\n<p>Beata Markowska \u2013 wicedyrektor<\/p>\n<p>&nbsp;<\/p>\n<p>Rada Pedagogiczna &#8211; 77 nauczycieli<\/p>\n<p>Pracownicy administracji i obs\u0142ugi &#8211; 19 os\u00f3b[\/vc_column_text][\/vc_column][\/vc_row]<\/p>\n","protected":false},"excerpt":{"rendered":"<p>[vc_row][vc_column][vc_column_text]Andrzej Niest\u0119pski &#8211; p.o. dyrektor El\u017cbieta Wodzy\u0144ska &#8211; dyrektor Bo\u017cena Zalewska-Szw\u0119ch\u00a0 &#8211; wicedyrektor Ma\u0142gorzata Chlebowska &#8211; wicedyrektor Beata Markowska \u2013 wicedyrektor &nbsp; Rada Pedagogiczna &#8211; 77 nauczycieli Pracownicy administracji i obs\u0142ugi &#8211; 19 os\u00f3b[\/vc_column_text][\/vc_column][\/vc_row]<\/p>\n","protected":false},"author":1,"featured_media":0,"parent":0,"menu_order":0,"comment_status":"closed","ping_status":"closed","template":"","meta":[],"_links":{"self":[{"href":"https:\/\/www.sp3ciechanow.eu\/bip\/index.php?rest_route=\/wp\/v2\/pages\/1071"}],"collection":[{"href":"https:\/\/www.sp3ciechanow.eu\/bip\/index.php?rest_route=\/wp\/v2\/pages"}],"about":[{"href":"https:\/\/www.sp3ciechanow.eu\/bip\/index.php?rest_route=\/wp\/v2\/types\/page"}],"author":[{"embeddable":true,"href":"https:\/\/www.sp3ciechanow.eu\/bip\/index.php?rest_route=\/wp\/v2\/users\/1"}],"replies":[{"embeddable":true,"href":"https:\/\/www.sp3ciechanow.eu\/bip\/index.php?rest_route=%2Fwp%2Fv2%2Fcomments&post=1071"}],"version-history":[{"count":7,"href":"https:\/\/www.sp3ciechanow.eu\/bip\/index.php?rest_route=\/wp\/v2\/pages\/1071\/revisions"}],"predecessor-version":[{"id":1197,"href":"https:\/\/www.sp3ciechanow.eu\/bip\/index.php?rest_route=\/wp\/v2\/pages\/1071\/revisions\/1197"}],"wp:attachment":[{"href":"https:\/\/www.sp3ciechanow.eu\/bip\/index.php?rest_route=%2Fwp%2Fv2%2Fmedia&parent=1071"}],"curies":[{"name":"wp","href":"https:\/\/api.w.org\/{rel}","templated":true}]}}