{"id":1075,"date":"2018-04-02T20:38:24","date_gmt":"2018-04-02T18:38:24","guid":{"rendered":"http:\/\/www.sp3ciechanow.pl\/bip\/?page_id=1075"},"modified":"2019-10-21T12:07:48","modified_gmt":"2019-10-21T10:07:48","slug":"struktura-organizacyjna","status":"publish","type":"page","link":"https:\/\/www.sp3ciechanow.eu\/bip\/?page_id=1075","title":{"rendered":"struktura organizacyjna"},"content":{"rendered":"<p>[vc_row][vc_column][vc_column_text]<strong>Struktura organizacyjna szko\u0142y:<\/strong><\/p>\n<p>Na czele szko\u0142y stoi dyrektor, kt\u00f3remu podlegaj\u0105:<\/p>\n<p>1. wicedyrektorzy<\/p>\n<p>2. rada pedagogiczna<\/p>\n<p>3. pracownicy administracji i obs\u0142ugi[\/vc_column_text][\/vc_column][\/vc_row]<\/p>\n","protected":false},"excerpt":{"rendered":"<p>[vc_row][vc_column][vc_column_text]Struktura organizacyjna szko\u0142y: Na czele szko\u0142y stoi dyrektor, kt\u00f3remu podlegaj\u0105: 1. wicedyrektorzy 2. rada pedagogiczna 3. pracownicy administracji i obs\u0142ugi[\/vc_column_text][\/vc_column][\/vc_row]<\/p>\n","protected":false},"author":1,"featured_media":0,"parent":0,"menu_order":0,"comment_status":"closed","ping_status":"closed","template":"","meta":[],"_links":{"self":[{"href":"https:\/\/www.sp3ciechanow.eu\/bip\/index.php?rest_route=\/wp\/v2\/pages\/1075"}],"collection":[{"href":"https:\/\/www.sp3ciechanow.eu\/bip\/index.php?rest_route=\/wp\/v2\/pages"}],"about":[{"href":"https:\/\/www.sp3ciechanow.eu\/bip\/index.php?rest_route=\/wp\/v2\/types\/page"}],"author":[{"embeddable":true,"href":"https:\/\/www.sp3ciechanow.eu\/bip\/index.php?rest_route=\/wp\/v2\/users\/1"}],"replies":[{"embeddable":true,"href":"https:\/\/www.sp3ciechanow.eu\/bip\/index.php?rest_route=%2Fwp%2Fv2%2Fcomments&post=1075"}],"version-history":[{"count":3,"href":"https:\/\/www.sp3ciechanow.eu\/bip\/index.php?rest_route=\/wp\/v2\/pages\/1075\/revisions"}],"predecessor-version":[{"id":1196,"href":"https:\/\/www.sp3ciechanow.eu\/bip\/index.php?rest_route=\/wp\/v2\/pages\/1075\/revisions\/1196"}],"wp:attachment":[{"href":"https:\/\/www.sp3ciechanow.eu\/bip\/index.php?rest_route=%2Fwp%2Fv2%2Fmedia&parent=1075"}],"curies":[{"name":"wp","href":"https:\/\/api.w.org\/{rel}","templated":true}]}}