{"id":1079,"date":"2018-04-02T20:38:49","date_gmt":"2018-04-02T18:38:49","guid":{"rendered":"http:\/\/www.sp3ciechanow.pl\/bip\/?page_id=1079"},"modified":"2018-04-02T21:07:09","modified_gmt":"2018-04-02T19:07:09","slug":"rejestry-ewidencje-archiwa","status":"publish","type":"page","link":"https:\/\/www.sp3ciechanow.eu\/bip\/?page_id=1079","title":{"rendered":"rejestry, ewidencje, archiwa"},"content":{"rendered":"<p>[vc_row][vc_column][vc_column_text]Rejestry i ewidencje szko\u0142y<\/p>\n<p>Informacja o prowadzonych w szkole rejestrach i ewidencjach oraz sposobie i zasadach udost\u0119pniania danych w nich zawartych.<\/p>\n<p>1. Rejestr pracownik\u00f3w zatrudnionych.<br \/>\n2. Rejestr wydanych za\u015bwiadcze\u0144.<br \/>\n3. Ewidencja akt osobowych.<br \/>\n4. Ksi\u0119ga ewidencji dzieci.<br \/>\n5. Ksi\u0119ga uczni\u00f3w.<br \/>\n6. Ksi\u0119ga absolwent\u00f3w.<br \/>\n7. Rejestr wydanych stopni awansu zawodowego nauczycieli.<br \/>\n8. Ewidencja druk\u00f3w \u015bcis\u0142ego zarachowania -\u015bwiadectwa szkolne.<br \/>\n9. Rejestr zarz\u0105dze\u0144 wewn\u0119trznych.<br \/>\n10. Rejestr uchwa\u0142 Rady Pedagogicznej.<br \/>\n11. Ksi\u0119ga inwentarzowa.<br \/>\n12. Rejestr wydanych kart rowerowych i motorowerowych.<br \/>\n13. Rejestr wydanych legitymacji szkolnych.<br \/>\n14. Rejestr delegacji s\u0142u\u017cbowych.<br \/>\n15. Dziennik korespondencyjny.<\/p>\n<p>Osoba staraj\u0105ca si\u0119 o wgl\u0105d do dokument\u00f3w lub duplikat danego dokumentu powinna z\u0142o\u017cy\u0107 podanie w sekretariacie szko\u0142y.[\/vc_column_text][\/vc_column][\/vc_row]<\/p>\n","protected":false},"excerpt":{"rendered":"<p>[vc_row][vc_column][vc_column_text]Rejestry i ewidencje szko\u0142y Informacja o prowadzonych w szkole rejestrach i ewidencjach oraz sposobie i zasadach udost\u0119pniania danych w nich zawartych. 1. Rejestr pracownik\u00f3w zatrudnionych. 2. Rejestr wydanych za\u015bwiadcze\u0144. 3. Ewidencja akt osobowych. 4. Ksi\u0119ga ewidencji dzieci. 5. Ksi\u0119ga uczni\u00f3w. 6. Ksi\u0119ga absolwent\u00f3w. 7. Rejestr wydanych stopni awansu zawodowego nauczycieli. 8. Ewidencja druk\u00f3w \u015bcis\u0142ego zarachowania [&hellip;]<\/p>\n","protected":false},"author":1,"featured_media":0,"parent":0,"menu_order":0,"comment_status":"closed","ping_status":"closed","template":"","meta":[],"_links":{"self":[{"href":"https:\/\/www.sp3ciechanow.eu\/bip\/index.php?rest_route=\/wp\/v2\/pages\/1079"}],"collection":[{"href":"https:\/\/www.sp3ciechanow.eu\/bip\/index.php?rest_route=\/wp\/v2\/pages"}],"about":[{"href":"https:\/\/www.sp3ciechanow.eu\/bip\/index.php?rest_route=\/wp\/v2\/types\/page"}],"author":[{"embeddable":true,"href":"https:\/\/www.sp3ciechanow.eu\/bip\/index.php?rest_route=\/wp\/v2\/users\/1"}],"replies":[{"embeddable":true,"href":"https:\/\/www.sp3ciechanow.eu\/bip\/index.php?rest_route=%2Fwp%2Fv2%2Fcomments&post=1079"}],"version-history":[{"count":2,"href":"https:\/\/www.sp3ciechanow.eu\/bip\/index.php?rest_route=\/wp\/v2\/pages\/1079\/revisions"}],"predecessor-version":[{"id":1119,"href":"https:\/\/www.sp3ciechanow.eu\/bip\/index.php?rest_route=\/wp\/v2\/pages\/1079\/revisions\/1119"}],"wp:attachment":[{"href":"https:\/\/www.sp3ciechanow.eu\/bip\/index.php?rest_route=%2Fwp%2Fv2%2Fmedia&parent=1079"}],"curies":[{"name":"wp","href":"https:\/\/api.w.org\/{rel}","templated":true}]}}