{"id":1081,"date":"2018-04-02T20:39:10","date_gmt":"2018-04-02T18:39:10","guid":{"rendered":"http:\/\/www.sp3ciechanow.pl\/bip\/?page_id=1081"},"modified":"2019-06-07T09:09:35","modified_gmt":"2019-06-07T07:09:35","slug":"struktura-wlasnosciowa-majatek","status":"publish","type":"page","link":"https:\/\/www.sp3ciechanow.eu\/bip\/?page_id=1081","title":{"rendered":"struktura w\u0142asno\u015bciowa, maj\u0105tek"},"content":{"rendered":"<p>[vc_row][vc_column][vc_column_text]<\/p>\n<ol>\n<li>Szko\u0142a Podstawowa nr 3 im. Or\u0142a Bia\u0142ego w Ciechanowie jest jednostk\u0105 organizacyjn\u0105 Gminy Miejskiej Ciechan\u00f3w i nie posiada osobowo\u015bci prawnej.<\/li>\n<li>Mienie szko\u0142y stanowi w\u0142asno\u015b\u0107 Gminy Miejskiej Ciechan\u00f3w.<\/li>\n<li>Nieruchomo\u015b\u0107 jest oddana w trwa\u0142y zarz\u0105d w celu prowadzenia przez\u00a0Szko\u0142\u0119 Podstawow\u0105 nr 3 im. Or\u0142a Bia\u0142ego w Ciechanowie dzia\u0142alno\u015bci statutowej.<\/li>\n<li>Szko\u0142a prowadzi gospodark\u0119 finansow\u0105 na zasadach jednostki bud\u017cetowej.<\/li>\n<\/ol>\n<p style=\"text-align: justify; background: white; margin: 0cm 0cm 7.85pt 0cm;\"><span style=\"font-size: 12pt; font-family: georgia, palatino, serif; color: #555555;\">Nieruchomo\u015b\u0107 przekazana szkole ma powierzchni\u0119 25 729 m\u00b2 i\u00a0jest zabudowana budynkiem u\u017cytkowym\u00a0 o\u00a0powierzchni 10 906 m\u00b2.<\/span><\/p>\n<p style=\"text-align: justify; background: white; margin: 0cm 0cm 7.85pt 0cm;\"><span style=\"font-size: 12pt; font-family: georgia, palatino, serif; color: #555555;\">Szko\u0142a dysponuje sal\u0105 gimnastyczn\u0105, wielofunkcyjnym \u00a0boiskiem sportowym \u00a0oraz \u00a0placem \u00a0zabaw dla dzieci. <\/span><\/p>\n<p style=\"text-align: justify; background: white; margin: 0cm 0cm 7.85pt 0cm;\"><span style=\"font-size: 12pt; font-family: georgia, palatino, serif; color: #555555;\">Maj\u0105tek szko\u0142y na dzie\u0144\u00a0<strong>31.08.2018r.<\/strong>\u00a0wynosi:<\/span><\/p>\n<p style=\"background: white; margin: 0cm 0cm 7.85pt 0cm;\"><span style=\"font-size: 12pt; font-family: georgia, palatino, serif; color: #555555;\">&#8211; \u015brodki trwa\u0142e (konto 011): 8\u00a0181\u00a0076,55 z\u0142;<\/span><\/p>\n<p style=\"background: white; margin: 0cm 0cm 7.85pt 0cm;\"><span style=\"font-size: 12pt; font-family: georgia, palatino, serif; color: #555555;\">&#8211; \u015brodki trwa\u0142e w\u00a0u\u017cytkowaniu (konto 013): 1\u00a0420\u00a0493,09\u00a0z\u0142;<\/span><\/p>\n<p style=\"background: white; margin: 0cm 0cm 7.85pt 0cm;\"><span style=\"font-size: 12pt; font-family: georgia, palatino, serif; color: #555555;\">&#8211; warto\u015bci niematerialne i\u00a0prawne (konto 020): 101\u00a0057,57 z\u0142;<\/span><\/p>\n<p style=\"background: white; margin: 0cm 0cm 7.85pt 0cm;\"><span style=\"font-size: 12pt;\"><span style=\"font-family: georgia, palatino, serif; color: #555555;\">&#8211; zbiory biblioteczne (konto 014): 248\u00a0744,51\u00a0z\u0142.<\/span><span style=\"font-family: Helvetica, sans-serif; color: #555555;\"><span style=\"font-family: georgia, palatino, serif;\">\u00a0 \u00a0<\/span> \u00a0 \u00a0 \u00a0 \u00a0 \u00a0 \u00a0 \u00a0 \u00a0 \u00a0\u00a0<\/span><\/span><\/p>\n<p>Link do bilansu na dzie\u0144 31.12.2018 r.\u00a0 \u00a0 http:\/\/bip.cuwciechanow.pl\/index.php?id=168&amp;id2=165[\/vc_column_text][\/vc_column][\/vc_row]<\/p>\n","protected":false},"excerpt":{"rendered":"<p>[vc_row][vc_column][vc_column_text] Szko\u0142a Podstawowa nr 3 im. Or\u0142a Bia\u0142ego w Ciechanowie jest jednostk\u0105 organizacyjn\u0105 Gminy Miejskiej Ciechan\u00f3w i nie posiada osobowo\u015bci prawnej. Mienie szko\u0142y stanowi w\u0142asno\u015b\u0107 Gminy Miejskiej Ciechan\u00f3w. Nieruchomo\u015b\u0107 jest oddana w trwa\u0142y zarz\u0105d w celu prowadzenia przez\u00a0Szko\u0142\u0119 Podstawow\u0105 nr 3 im. Or\u0142a Bia\u0142ego w Ciechanowie dzia\u0142alno\u015bci statutowej. Szko\u0142a prowadzi gospodark\u0119 finansow\u0105 na zasadach jednostki [&hellip;]<\/p>\n","protected":false},"author":1,"featured_media":0,"parent":0,"menu_order":0,"comment_status":"closed","ping_status":"closed","template":"","meta":[],"_links":{"self":[{"href":"https:\/\/www.sp3ciechanow.eu\/bip\/index.php?rest_route=\/wp\/v2\/pages\/1081"}],"collection":[{"href":"https:\/\/www.sp3ciechanow.eu\/bip\/index.php?rest_route=\/wp\/v2\/pages"}],"about":[{"href":"https:\/\/www.sp3ciechanow.eu\/bip\/index.php?rest_route=\/wp\/v2\/types\/page"}],"author":[{"embeddable":true,"href":"https:\/\/www.sp3ciechanow.eu\/bip\/index.php?rest_route=\/wp\/v2\/users\/1"}],"replies":[{"embeddable":true,"href":"https:\/\/www.sp3ciechanow.eu\/bip\/index.php?rest_route=%2Fwp%2Fv2%2Fcomments&post=1081"}],"version-history":[{"count":6,"href":"https:\/\/www.sp3ciechanow.eu\/bip\/index.php?rest_route=\/wp\/v2\/pages\/1081\/revisions"}],"predecessor-version":[{"id":1188,"href":"https:\/\/www.sp3ciechanow.eu\/bip\/index.php?rest_route=\/wp\/v2\/pages\/1081\/revisions\/1188"}],"wp:attachment":[{"href":"https:\/\/www.sp3ciechanow.eu\/bip\/index.php?rest_route=%2Fwp%2Fv2%2Fmedia&parent=1081"}],"curies":[{"name":"wp","href":"https:\/\/api.w.org\/{rel}","templated":true}]}}