{"id":1083,"date":"2018-04-02T20:39:29","date_gmt":"2018-04-02T18:39:29","guid":{"rendered":"http:\/\/www.sp3ciechanow.pl\/bip\/?page_id=1083"},"modified":"2019-10-21T12:36:37","modified_gmt":"2019-10-21T10:36:37","slug":"informacje-nie-zamieszczone-w-bip","status":"publish","type":"page","link":"https:\/\/www.sp3ciechanow.eu\/bip\/?page_id=1083","title":{"rendered":"informacje nie zamieszczone w BIP"},"content":{"rendered":"<p>[vc_row][vc_column][vc_column_text]Zgodnie z ustaw\u0105 (art. 10, ust.1) informacja publiczna, kt\u00f3ra nie zosta\u0142a udost\u0119pniona w Biuletynie Informacji Publicznej jest udost\u0119pniona na stronie http:\/\/www.sp3ciechanow.eu\/\u00a0 lub na wniosek zainteresowanego z\u0142o\u017cony do dyrektora szko\u0142y.<\/p>\n<h1>Za\u0142atwianie spraw<\/h1>\n<p>* Sekretariat szko\u0142y przyjmuje pisma, wnioski i podania interesant\u00f3w.<br \/>\n* Korespondencj\u0119 mo\u017cna dostarczy\u0107 osobi\u015bcie lub drog\u0105 pocztow\u0105.<br \/>\n* Sekretariat szko\u0142y udziela szczeg\u00f3\u0142owych informacji dotycz\u0105cych sposobu za\u0142atwiania spraw.<br \/>\n* Sprawy s\u0105 rozpatrywane z zachowaniem trybu i termin\u00f3w zgodnych z Kodeksem post\u0119powania administracyjnego.[\/vc_column_text][\/vc_column][\/vc_row]<\/p>\n","protected":false},"excerpt":{"rendered":"<p>[vc_row][vc_column][vc_column_text]Zgodnie z ustaw\u0105 (art. 10, ust.1) informacja publiczna, kt\u00f3ra nie zosta\u0142a udost\u0119pniona w Biuletynie Informacji Publicznej jest udost\u0119pniona na stronie http:\/\/www.sp3ciechanow.eu\/\u00a0 lub na wniosek zainteresowanego z\u0142o\u017cony do dyrektora szko\u0142y. Za\u0142atwianie spraw * Sekretariat szko\u0142y przyjmuje pisma, wnioski i podania interesant\u00f3w. * Korespondencj\u0119 mo\u017cna dostarczy\u0107 osobi\u015bcie lub drog\u0105 pocztow\u0105. * Sekretariat szko\u0142y udziela szczeg\u00f3\u0142owych informacji dotycz\u0105cych [&hellip;]<\/p>\n","protected":false},"author":1,"featured_media":0,"parent":0,"menu_order":0,"comment_status":"closed","ping_status":"closed","template":"","meta":[],"_links":{"self":[{"href":"https:\/\/www.sp3ciechanow.eu\/bip\/index.php?rest_route=\/wp\/v2\/pages\/1083"}],"collection":[{"href":"https:\/\/www.sp3ciechanow.eu\/bip\/index.php?rest_route=\/wp\/v2\/pages"}],"about":[{"href":"https:\/\/www.sp3ciechanow.eu\/bip\/index.php?rest_route=\/wp\/v2\/types\/page"}],"author":[{"embeddable":true,"href":"https:\/\/www.sp3ciechanow.eu\/bip\/index.php?rest_route=\/wp\/v2\/users\/1"}],"replies":[{"embeddable":true,"href":"https:\/\/www.sp3ciechanow.eu\/bip\/index.php?rest_route=%2Fwp%2Fv2%2Fcomments&post=1083"}],"version-history":[{"count":5,"href":"https:\/\/www.sp3ciechanow.eu\/bip\/index.php?rest_route=\/wp\/v2\/pages\/1083\/revisions"}],"predecessor-version":[{"id":1198,"href":"https:\/\/www.sp3ciechanow.eu\/bip\/index.php?rest_route=\/wp\/v2\/pages\/1083\/revisions\/1198"}],"wp:attachment":[{"href":"https:\/\/www.sp3ciechanow.eu\/bip\/index.php?rest_route=%2Fwp%2Fv2%2Fmedia&parent=1083"}],"curies":[{"name":"wp","href":"https:\/\/api.w.org\/{rel}","templated":true}]}}