{"id":1085,"date":"2018-04-02T20:39:48","date_gmt":"2018-04-02T18:39:48","guid":{"rendered":"http:\/\/www.sp3ciechanow.pl\/bip\/?page_id=1085"},"modified":"2018-04-02T21:12:33","modified_gmt":"2018-04-02T19:12:33","slug":"informacje-o-odbytych-kontrolach","status":"publish","type":"page","link":"https:\/\/www.sp3ciechanow.eu\/bip\/?page_id=1085","title":{"rendered":"informacje o odbytych kontrolach"},"content":{"rendered":"<p>[vc_row][vc_column][vc_column_text]<\/p>\n<ul>\n<li><a href=\"http:\/\/www.sp3ciechanow.pl\/bip\/wp-content\/uploads\/2018\/04\/Kuratorium-kon1.pdf\" target=\"_blank\" rel=\"noopener\">27.03.2014 &#8211; Protok\u00f3\u0142 kontroli dora\u017anej 1 &#8211; Mazowieckie Kuratorium O\u015bwiaty<\/a>&nbsp;<\/li>\n<li><a href=\"http:\/\/www.sp3ciechanow.pl\/bip\/wp-content\/uploads\/2018\/04\/Kuratorium-kon2.pdf\" target=\"_blank\" rel=\"noopener\">27.03.2014 &#8211; Protok\u00f3\u0142 kontroli dora\u017anej 2 &#8211; Mazowieckie Kuratorium O\u015bwiaty<\/a>&nbsp;<\/li>\n<li><a href=\"http:\/\/www.sp3ciechanow.pl\/bip\/wp-content\/uploads\/2018\/04\/Kuratorium-kon3.pdf\" target=\"_blank\" rel=\"noopener\">27.03.2014 &#8211; Protok\u00f3\u0142 kontroli dora\u017anej 3 &#8211; Mazowieckie Kuratorium O\u015bwiaty<\/a><a href=\"http:\/\/christopher.nazwa.pl\/mz1\/bip\/images\/kontrole\/Kuratorium%20kon3.pdf\" target=\"_blank\" rel=\"noopener\"><br \/>\n<\/a><\/li>\n<li><a href=\"http:\/\/www.sp3ciechanow.pl\/bip\/wp-content\/uploads\/2018\/04\/Sanepid-kon.pdf\" target=\"_blank\" rel=\"noopener\">Protok\u00f3\u0142 Kontoli Sanitarnej<\/a>&nbsp;<\/li>\n<li><a href=\"http:\/\/www.sp3ciechanow.pl\/bip\/wp-content\/uploads\/2018\/04\/protokol_straz_pozarna.pdf\" target=\"_blank\" rel=\"noopener\">Protok\u00f3\u0142 z ustale\u0144 dokonanych w toku czynno\u015bci kontrolno rozpoznawczych &#8211; Komenda Powiatowa Pa\u0144stwowej Stra\u017cy Po\u017carnej<\/a><\/li>\n<\/ul>\n<p>[\/vc_column_text][\/vc_column][\/vc_row]<\/p>\n","protected":false},"excerpt":{"rendered":"<p>[vc_row][vc_column][vc_column_text] 27.03.2014 &#8211; Protok\u00f3\u0142 kontroli dora\u017anej 1 &#8211; Mazowieckie Kuratorium O\u015bwiaty&nbsp; 27.03.2014 &#8211; Protok\u00f3\u0142 kontroli dora\u017anej 2 &#8211; Mazowieckie Kuratorium O\u015bwiaty&nbsp; 27.03.2014 &#8211; Protok\u00f3\u0142 kontroli dora\u017anej 3 &#8211; Mazowieckie Kuratorium O\u015bwiaty Protok\u00f3\u0142 Kontoli Sanitarnej&nbsp; Protok\u00f3\u0142 z ustale\u0144 dokonanych w toku czynno\u015bci kontrolno rozpoznawczych &#8211; Komenda Powiatowa Pa\u0144stwowej Stra\u017cy Po\u017carnej [\/vc_column_text][\/vc_column][\/vc_row]<\/p>\n","protected":false},"author":1,"featured_media":0,"parent":0,"menu_order":0,"comment_status":"closed","ping_status":"closed","template":"","meta":[],"_links":{"self":[{"href":"https:\/\/www.sp3ciechanow.eu\/bip\/index.php?rest_route=\/wp\/v2\/pages\/1085"}],"collection":[{"href":"https:\/\/www.sp3ciechanow.eu\/bip\/index.php?rest_route=\/wp\/v2\/pages"}],"about":[{"href":"https:\/\/www.sp3ciechanow.eu\/bip\/index.php?rest_route=\/wp\/v2\/types\/page"}],"author":[{"embeddable":true,"href":"https:\/\/www.sp3ciechanow.eu\/bip\/index.php?rest_route=\/wp\/v2\/users\/1"}],"replies":[{"embeddable":true,"href":"https:\/\/www.sp3ciechanow.eu\/bip\/index.php?rest_route=%2Fwp%2Fv2%2Fcomments&post=1085"}],"version-history":[{"count":3,"href":"https:\/\/www.sp3ciechanow.eu\/bip\/index.php?rest_route=\/wp\/v2\/pages\/1085\/revisions"}],"predecessor-version":[{"id":1128,"href":"https:\/\/www.sp3ciechanow.eu\/bip\/index.php?rest_route=\/wp\/v2\/pages\/1085\/revisions\/1128"}],"wp:attachment":[{"href":"https:\/\/www.sp3ciechanow.eu\/bip\/index.php?rest_route=%2Fwp%2Fv2%2Fmedia&parent=1085"}],"curies":[{"name":"wp","href":"https:\/\/api.w.org\/{rel}","templated":true}]}}