{"id":1091,"date":"2018-04-02T20:40:31","date_gmt":"2018-04-02T18:40:31","guid":{"rendered":"http:\/\/www.sp3ciechanow.pl\/bip\/?page_id=1091"},"modified":"2018-04-02T21:15:14","modified_gmt":"2018-04-02T19:15:14","slug":"skargi-i-wnioski","status":"publish","type":"page","link":"https:\/\/www.sp3ciechanow.eu\/bip\/?page_id=1091","title":{"rendered":"Skargi i wnioski"},"content":{"rendered":"<p>[vc_row][vc_column][vc_column_text]<\/p>\n<p align=\"center\"><span style=\"font-size: 14pt;\"><strong>Dyrektor Szko\u0142y przyjmuje interesant\u00f3w w sprawach, wniosk\u00f3w i skarg w ka\u017cdy<br \/>\nponiedzia\u0142ek w godz. 14.00-16.00<\/strong><\/span><\/p>\n<p>&nbsp;<\/p>\n<p><strong>Skargi i wnioski mo\u017cna sk\u0142ada\u0107<\/strong>:<\/p>\n<ul>\n<li>pisemnie na adres:<\/li>\n<\/ul>\n<p>ul. Powsta\u0144c\u00f3w Wielkopolskich 1<\/p>\n<p>06-413 Ciechan\u00f3w<\/p>\n<ul>\n<li>faksem \u2013 nr 23 6724822<\/li>\n<li>drog\u0105 elektroniczn\u0105 na adres e-mail:\u00a0<a href=\"mailto:%20%3Cscript%20type='text\/javascript'%3E%20%3C!--%20var%20prefix%20=%20'ma'%20+%20'il'%20+%20'to';%20var%20path%20=%20'hr'%20+%20'ef'%20+%20'=';%20var%20addy60331%20=%20'sp3'%20+%20'@';%20addy60331%20=%20addy60331%20+%20'poczta'%20+%20'.'%20+%20'onet'%20+%20'.'%20+%20'pl';%20document.write('%3Ca%20'%20+%20path%20+%20'\\''%20+%20prefix%20+%20':'%20+%20addy60331%20+%20'\\'%3E');%20document.write(addy60331);%20document.write('%3C\\\/a%3E');%20\/\/--%3E\\n%20%3C\/script%3E%3Cscript%20type='text\/javascript'%3E%20%3C!--%20document.write('%3Cspan%20style=\\'display:%20none;\\'%3E');%20\/\/--%3E%20%3C\/script%3ETen%20adres%20pocztowy%20jest%20chroniony%20przed%20spamowaniem.%20Aby%20go%20zobaczy%C4%87,%20konieczne%20jest%20w%C5%82%C4%85czenie%20obs%C5%82ugi%20JavaScript.%20%3Cscript%20type='text\/javascript'%3E%20%3C!--%20document.write('%3C\/');%20document.write('span%3E');%20\/\/--%3E%20%3C\/script%3E\">\u00a0<\/a><a href=\"mailto:sp3@poczta.onet.pl\">sp3@poczta.onet.pl<\/a><\/li>\n<li>osobi\u015bcie w siedzibie szko\u0142y<\/li>\n<\/ul>\n<p><strong>Przyjmowanie, rozpatrywanie i za\u0142atwianie skarg i wniosk\u00f3w odbywa si\u0119 zgodnie z przepisami:<\/strong><\/p>\n<ul>\n<li>ustawy z dnia 14 czerwca 1960 r. Kodeks post\u0119powania administracyjnego (Dz. U. z 2013 r., poz. 267) &#8211; Dzia\u0142 VIII<\/li>\n<li>rozporz\u0105dzenia Rady Ministr\u00f3w z dnia 8 stycznia 2002 r. w sprawie organizacji przyjmowania i rozpatrywania skarg i wniosk\u00f3w (Dz. U. Nr 5, poz. 46).<\/li>\n<\/ul>\n<p>Zgodnie z \u00a7 8 pkt 1 rozporz\u0105dzenia Rady Ministr\u00f3w z dnia 8 stycznia 2002 r. w sprawie organizacji przyjmowania i rozpatrywania skarg i wniosk\u00f3w (Dz. U. Nr 5, poz. 46):<\/p>\n<p align=\"center\"><span style=\"color: #ff0000;\"><strong>Skargi i wnioski niezawieraj\u0105ce imienia i nazwiska oraz adresu osoby wnosz\u0105cej spraw\u0119 pozostawione zostan\u0105 bez rozpoznania.<\/strong><\/span><\/p>\n<p>[\/vc_column_text][\/vc_column][\/vc_row]<\/p>\n","protected":false},"excerpt":{"rendered":"<p>[vc_row][vc_column][vc_column_text] Dyrektor Szko\u0142y przyjmuje interesant\u00f3w w sprawach, wniosk\u00f3w i skarg w ka\u017cdy poniedzia\u0142ek w godz. 14.00-16.00 &nbsp; Skargi i wnioski mo\u017cna sk\u0142ada\u0107: pisemnie na adres: ul. Powsta\u0144c\u00f3w Wielkopolskich 1 06-413 Ciechan\u00f3w faksem \u2013 nr 23 6724822 drog\u0105 elektroniczn\u0105 na adres e-mail:\u00a0\u00a0sp3@poczta.onet.pl osobi\u015bcie w siedzibie szko\u0142y Przyjmowanie, rozpatrywanie i za\u0142atwianie skarg i wniosk\u00f3w odbywa si\u0119 zgodnie [&hellip;]<\/p>\n","protected":false},"author":1,"featured_media":0,"parent":0,"menu_order":0,"comment_status":"closed","ping_status":"closed","template":"","meta":[],"_links":{"self":[{"href":"https:\/\/www.sp3ciechanow.eu\/bip\/index.php?rest_route=\/wp\/v2\/pages\/1091"}],"collection":[{"href":"https:\/\/www.sp3ciechanow.eu\/bip\/index.php?rest_route=\/wp\/v2\/pages"}],"about":[{"href":"https:\/\/www.sp3ciechanow.eu\/bip\/index.php?rest_route=\/wp\/v2\/types\/page"}],"author":[{"embeddable":true,"href":"https:\/\/www.sp3ciechanow.eu\/bip\/index.php?rest_route=\/wp\/v2\/users\/1"}],"replies":[{"embeddable":true,"href":"https:\/\/www.sp3ciechanow.eu\/bip\/index.php?rest_route=%2Fwp%2Fv2%2Fcomments&post=1091"}],"version-history":[{"count":4,"href":"https:\/\/www.sp3ciechanow.eu\/bip\/index.php?rest_route=\/wp\/v2\/pages\/1091\/revisions"}],"predecessor-version":[{"id":1133,"href":"https:\/\/www.sp3ciechanow.eu\/bip\/index.php?rest_route=\/wp\/v2\/pages\/1091\/revisions\/1133"}],"wp:attachment":[{"href":"https:\/\/www.sp3ciechanow.eu\/bip\/index.php?rest_route=%2Fwp%2Fv2%2Fmedia&parent=1091"}],"curies":[{"name":"wp","href":"https:\/\/api.w.org\/{rel}","templated":true}]}}