{"id":24,"date":"2017-10-29T23:05:57","date_gmt":"2017-10-29T22:05:57","guid":{"rendered":"http:\/\/serwer1715113.home.pl\/sp3ciechanow\/?page_id=24"},"modified":"2019-10-28T13:32:26","modified_gmt":"2019-10-28T12:32:26","slug":"dyrekcja","status":"publish","type":"page","link":"https:\/\/www.sp3ciechanow.eu\/bip\/?page_id=24","title":{"rendered":"dyrekcja"},"content":{"rendered":"<p>[vc_row][vc_column][vc_column_text]El\u017cbieta Wodzy\u0144ska &#8211; dyrektor szko\u0142y<\/p>\n<p>Andrzej Niest\u0119pski \u2013 pe\u0142ni\u0105cy obowi\u0105zki dyrektora<\/p>\n<p>Beata Markowska \u2013 pe\u0142ni\u0105cy obowi\u0105zki wicedyrektora ds. nauczania wczesnoszkolnego<\/p>\n<p>Ma\u0142gorzata Chlebowska\u00a0 \u2013 pe\u0142ni\u0105cy obowi\u0105zki wicedyrektora ds. dydaktyczno-organizacyjnych<\/p>\n<p>Bo\u017cena Zalewska-Szw\u0119ch \u2013 pe\u0142ni\u0105cy obowi\u0105zki wicedyrektora ds. wychowawczych[\/vc_column_text][\/vc_column][\/vc_row]<\/p>\n","protected":false},"excerpt":{"rendered":"<p>[vc_row][vc_column][vc_column_text]El\u017cbieta Wodzy\u0144ska &#8211; dyrektor szko\u0142y Andrzej Niest\u0119pski \u2013 pe\u0142ni\u0105cy obowi\u0105zki dyrektora Beata Markowska \u2013 pe\u0142ni\u0105cy obowi\u0105zki wicedyrektora ds. nauczania wczesnoszkolnego Ma\u0142gorzata Chlebowska\u00a0 \u2013 pe\u0142ni\u0105cy obowi\u0105zki wicedyrektora ds. dydaktyczno-organizacyjnych Bo\u017cena Zalewska-Szw\u0119ch \u2013 pe\u0142ni\u0105cy obowi\u0105zki wicedyrektora ds. wychowawczych[\/vc_column_text][\/vc_column][\/vc_row]<\/p>\n","protected":false},"author":1,"featured_media":0,"parent":0,"menu_order":0,"comment_status":"closed","ping_status":"closed","template":"","meta":[],"_links":{"self":[{"href":"https:\/\/www.sp3ciechanow.eu\/bip\/index.php?rest_route=\/wp\/v2\/pages\/24"}],"collection":[{"href":"https:\/\/www.sp3ciechanow.eu\/bip\/index.php?rest_route=\/wp\/v2\/pages"}],"about":[{"href":"https:\/\/www.sp3ciechanow.eu\/bip\/index.php?rest_route=\/wp\/v2\/types\/page"}],"author":[{"embeddable":true,"href":"https:\/\/www.sp3ciechanow.eu\/bip\/index.php?rest_route=\/wp\/v2\/users\/1"}],"replies":[{"embeddable":true,"href":"https:\/\/www.sp3ciechanow.eu\/bip\/index.php?rest_route=%2Fwp%2Fv2%2Fcomments&post=24"}],"version-history":[{"count":9,"href":"https:\/\/www.sp3ciechanow.eu\/bip\/index.php?rest_route=\/wp\/v2\/pages\/24\/revisions"}],"predecessor-version":[{"id":1205,"href":"https:\/\/www.sp3ciechanow.eu\/bip\/index.php?rest_route=\/wp\/v2\/pages\/24\/revisions\/1205"}],"wp:attachment":[{"href":"https:\/\/www.sp3ciechanow.eu\/bip\/index.php?rest_route=%2Fwp%2Fv2%2Fmedia&parent=24"}],"curies":[{"name":"wp","href":"https:\/\/api.w.org\/{rel}","templated":true}]}}