{"id":30,"date":"2017-10-29T23:06:32","date_gmt":"2017-10-29T22:06:32","guid":{"rendered":"http:\/\/serwer1715113.home.pl\/sp3ciechanow\/?page_id=30"},"modified":"2019-10-28T13:35:10","modified_gmt":"2019-10-28T12:35:10","slug":"dokumenty","status":"publish","type":"page","link":"https:\/\/www.sp3ciechanow.eu\/bip\/?page_id=30","title":{"rendered":"dokumenty"},"content":{"rendered":"<p>[vc_row][vc_column][vc_column_text]<span style=\"font-size: 14pt;\"><strong>Dokumenty szkolne do pobrania:<\/strong><\/span><\/p>\n<ul style=\"list-style-type: square;\">\n<li><span style=\"font-size: 14pt;\"><a href=\"https:\/\/www.sp3ciechanow.eu\/wp-content\/uploads\/2018\/10\/statut-wrzesie\u0144-2018.pdf\">Statut Szko\u0142y Podstawowej nr 3<\/a><\/span><\/li>\n<li><span style=\"font-size: 14pt;\"><a href=\"https:\/\/www.sp3ciechanow.eu\/wp-content\/uploads\/2019\/09\/Program-wychowawczy-2019.pdf\">Program wychowawczo-profilaktyczny<\/a><\/span><\/li>\n<li><span style=\"font-size: 14pt;\"><a href=\"http:\/\/www.sp3ciechanow.eu\/wp-content\/uploads\/2018\/07\/Ciechan\u00f3w-informacja-RODO.pdf\">INFORMACJE O PRZETWARZANIU DANYCH OSOBOWYCH \u2013 OBOWI\u0104ZEK INFORMACYJNY RODO<\/a><\/span><\/li>\n<li><span style=\"font-size: 14pt;\"><a href=\"http:\/\/www.sp3ciechanow.eu\/pliki\/dokumenty\/karta_zdarzenia.pdf\" target=\"_blank\" rel=\"noopener noreferrer\">Karta zdarzenia<\/a><\/span><\/li>\n<li><span style=\"font-size: 14pt;\"><a href=\"http:\/\/www.sp3ciechanow.eu\/wp-content\/uploads\/2018\/04\/REGULAMIN-\u015aWIETLICY-SZKOLNEJ-SP3-2018.pdf\">Regulamin \u015bwietlicy szkolnej SP3<\/a><\/span><\/li>\n<li><span style=\"font-size: 14pt;\"><a href=\"http:\/\/www.sp3ciechanow.eu\/wp-content\/uploads\/2018\/04\/KARTA-ZG\u0141OSZENIA-DZIECKA-DO-\u015aWIETLICY.pdf\">Karta zg\u0142oszenia dziecka do \u015bwietlicy<\/a><\/span><\/li>\n<li><span style=\"font-size: 14pt;\"><a href=\"https:\/\/www.sp3ciechanow.eu\/ppp\/\">Procedura organizowania i udzielania pomocy PP<\/a><\/span><\/li>\n<li><span style=\"font-size: 14pt;\"><a href=\"http:\/\/www.sp3ciechanow.eu\/wp-content\/uploads\/2018\/04\/PROCEDURY-SP3-przenoszenia-ze-szko\u0142y.pdf\">Procedury przenoszenia ucznia ze szko\u0142y<\/a><\/span><\/li>\n<li><span style=\"font-size: 14pt;\"><a href=\"http:\/\/www.sp3ciechanow.eu\/wp-content\/uploads\/2018\/07\/Regulamin-imprez-SP3.pdf\">Regulamin imprez organizowanych przez\u00a0 SP3<\/a><\/span><\/li>\n<li><span style=\"font-size: 14pt;\"><a href=\"https:\/\/www.sp3ciechanow.eu\/wp-content\/uploads\/2019\/01\/Regulamin-wycieczek-szkolnych-w-SzkolePodstawowej-nr-3-w-Ciechanowie.pdf\">Regulamin wycieczek szkolnych<\/a><\/span><\/li>\n<li><span style=\"font-size: 14pt;\"><a href=\"https:\/\/www.sp3ciechanow.eu\/wp-content\/uploads\/2018\/10\/Regulamin-przebywania-rodzic\u00f3w-i-innych-os\u00f3b-na-terenie-szko\u0142y-1.pdf\">Regulamin przebywania rodzic\u00f3w i innych os\u00f3b na terenie szko\u0142y<\/a><\/span><\/li>\n<li><span style=\"font-size: 14pt;\">Przedmiotowe ocenianie &#8211; kryteria na poszczeg\u00f3lne oceny znajduj\u0105 si\u0119 do wgl\u0105du w bibliotece szkolnej<\/span><\/li>\n<\/ul>\n<p>[\/vc_column_text][vc_column_text]<\/p>\n<ul style=\"list-style-type: square;\">\n<li><span style=\"font-size: 14pt;\"><a href=\"https:\/\/www.sp3ciechanow.eu\/wp-content\/uploads\/2019\/09\/Program-doradztwa-zawodowego-w-SP-3.pdf\">Program doradztwa zawodowego w SP 3<\/a><\/span><\/li>\n<li><span style=\"font-size: 14pt;\"><a href=\"https:\/\/www.sp3ciechanow.eu\/wp-content\/uploads\/2019\/09\/Plan-pracy-z-doradztwa-zawodowego-2019-2020.pdf\">Plan pracy z doradztwa zawodowego 2019-2020<\/a><\/span><\/li>\n<\/ul>\n<p>[\/vc_column_text][\/vc_column][\/vc_row]<\/p>\n","protected":false},"excerpt":{"rendered":"<p>[vc_row][vc_column][vc_column_text]Dokumenty szkolne do pobrania: Statut Szko\u0142y Podstawowej nr 3 Program wychowawczo-profilaktyczny INFORMACJE O PRZETWARZANIU DANYCH OSOBOWYCH \u2013 OBOWI\u0104ZEK INFORMACYJNY RODO Karta zdarzenia Regulamin \u015bwietlicy szkolnej SP3 Karta zg\u0142oszenia dziecka do \u015bwietlicy Procedura organizowania i udzielania pomocy PP Procedury przenoszenia ucznia ze szko\u0142y Regulamin imprez organizowanych przez\u00a0 SP3 Regulamin wycieczek szkolnych Regulamin przebywania rodzic\u00f3w i innych [&hellip;]<\/p>\n","protected":false},"author":1,"featured_media":0,"parent":0,"menu_order":0,"comment_status":"closed","ping_status":"closed","template":"","meta":[],"_links":{"self":[{"href":"https:\/\/www.sp3ciechanow.eu\/bip\/index.php?rest_route=\/wp\/v2\/pages\/30"}],"collection":[{"href":"https:\/\/www.sp3ciechanow.eu\/bip\/index.php?rest_route=\/wp\/v2\/pages"}],"about":[{"href":"https:\/\/www.sp3ciechanow.eu\/bip\/index.php?rest_route=\/wp\/v2\/types\/page"}],"author":[{"embeddable":true,"href":"https:\/\/www.sp3ciechanow.eu\/bip\/index.php?rest_route=\/wp\/v2\/users\/1"}],"replies":[{"embeddable":true,"href":"https:\/\/www.sp3ciechanow.eu\/bip\/index.php?rest_route=%2Fwp%2Fv2%2Fcomments&post=30"}],"version-history":[{"count":14,"href":"https:\/\/www.sp3ciechanow.eu\/bip\/index.php?rest_route=\/wp\/v2\/pages\/30\/revisions"}],"predecessor-version":[{"id":1207,"href":"https:\/\/www.sp3ciechanow.eu\/bip\/index.php?rest_route=\/wp\/v2\/pages\/30\/revisions\/1207"}],"wp:attachment":[{"href":"https:\/\/www.sp3ciechanow.eu\/bip\/index.php?rest_route=%2Fwp%2Fv2%2Fmedia&parent=30"}],"curies":[{"name":"wp","href":"https:\/\/api.w.org\/{rel}","templated":true}]}}