{"id":34,"date":"2017-10-29T23:06:57","date_gmt":"2017-10-29T22:06:57","guid":{"rendered":"http:\/\/serwer1715113.home.pl\/sp3ciechanow\/?page_id=34"},"modified":"2019-10-28T13:33:23","modified_gmt":"2019-10-28T12:33:23","slug":"dla-rodzicow","status":"publish","type":"page","link":"https:\/\/www.sp3ciechanow.eu\/bip\/?page_id=34","title":{"rendered":"dla rodzic\u00f3w"},"content":{"rendered":"<p>[vc_row][vc_column][vc_column_text]<span style=\"font-size: 14pt;\"><strong>ORGANIZACJA ROKU SZKOLNEGO 2019\/2020<\/strong><\/span><\/p>\n<ul style=\"list-style-type: square;\">\n<li><span style=\"font-size: 14pt;\">Rozpocz\u0119cie roku szkolnego &#8211; 02.09.2019 r.<\/span><\/li>\n<li><span style=\"font-size: 14pt;\">Zimowa przerwa \u015bwi\u0105teczna &#8211; 23.12.2019 &#8211; 31.12.2019 r.<\/span><\/li>\n<li><span style=\"font-size: 14pt;\">Ferie zimowe &#8211; 10.02 &#8211; 23.02.2020 r. <\/span><\/li>\n<li><span style=\"font-size: 14pt;\">Wiosenna przerwa \u015bwi\u0105teczna &#8211; 9.04 &#8211; 14.04.2020 r.<\/span><\/li>\n<li><span style=\"font-size: 14pt;\">Zako\u0144czenie rocznych zaj\u0119\u0107 dydaktyczno-wychowawczych &#8211; 26.06.2020 r. <\/span><\/li>\n<li><span style=\"font-size: 14pt;\">Ferie letnie &#8211; 27.06 &#8211; 31.08.2020 r.<\/span><\/li>\n<\/ul>\n<p><span style=\"font-size: 14pt;\"><strong>Dodatkowe dni wolne od zaj\u0119\u0107 dydaktyczno-wychowawczych:<\/strong><\/span><\/p>\n<ul style=\"list-style-type: square;\">\n<li><span style=\"font-size: 14pt;\">02.11.2019 &#8211; zaduszki<\/span><\/li>\n<li><span style=\"font-size: 14pt;\">21 &#8211; 23.04.2020 &#8211; egzamin dla klas \u00f3smych<\/span><\/li>\n<li><span style=\"font-size: 14pt;\">02.05.2020 &#8211; \u015awi\u0119to Flagi<\/span><\/li>\n<li><span style=\"font-size: 18.6667px;\">31.10.19, 02.01.20, 03.01.20, 04.05.20, 12.06.20,<\/span><\/li>\n<\/ul>\n<p><span style=\"text-decoration: underline;\"><span style=\"font-size: 14pt;\"><strong>Spotkania z rodzicami:<\/strong><\/span><\/span><\/p>\n<p><strong><span style=\"font-size: 14pt;\">zapoznanie z dokumentacj\u0105 szkoln\u0105<\/span><\/strong><\/p>\n<ul style=\"list-style-type: square;\">\n<li><span style=\"font-size: 14pt;\">18.09.2019 r. &#8211; kl. 0-3\u00a0<\/span><\/li>\n<li><span style=\"font-size: 14pt;\">19.09.2019 r. &#8211; kl.\u00a0 4-8<\/span><\/li>\n<\/ul>\n<p><strong><span style=\"font-size: 14pt;\">p\u00f3\u0142wywiad\u00f3wki<\/span><\/strong><\/p>\n<ul style=\"list-style-type: square;\">\n<li><span style=\"font-size: 14pt;\">20.11.2019 r. &#8211; kl. 0-3<\/span><\/li>\n<li><span style=\"font-size: 14pt;\">21.11.2019 r. &#8211; kl. 4-8<\/span><\/li>\n<\/ul>\n<p><strong><span style=\"font-size: 14pt;\">wywiad\u00f3wki<\/span><\/strong><\/p>\n<ul style=\"list-style-type: square;\">\n<li><span style=\"font-size: 14pt;\">29.01.2020 r. &#8211; kl. 0-3<\/span><\/li>\n<li><span style=\"font-size: 14pt;\">30.01.2020 r. &#8211; kl. 4-8<\/span><\/li>\n<\/ul>\n<p><strong><span style=\"font-size: 14pt;\"> p\u00f3\u0142wywiad\u00f3wki<\/span><\/strong><\/p>\n<ul style=\"list-style-type: square;\">\n<li><span style=\"font-size: 14pt;\">28.04.2020 r. &#8211; kl. 0-VI<\/span><\/li>\n<li><span style=\"font-size: 14pt;\">29.04.2020 r. &#8211; kl. 4-8<\/span><\/li>\n<\/ul>\n<p>[\/vc_column_text][\/vc_column][\/vc_row]<\/p>\n","protected":false},"excerpt":{"rendered":"<p>[vc_row][vc_column][vc_column_text]ORGANIZACJA ROKU SZKOLNEGO 2019\/2020 Rozpocz\u0119cie roku szkolnego &#8211; 02.09.2019 r. Zimowa przerwa \u015bwi\u0105teczna &#8211; 23.12.2019 &#8211; 31.12.2019 r. Ferie zimowe &#8211; 10.02 &#8211; 23.02.2020 r. Wiosenna przerwa \u015bwi\u0105teczna &#8211; 9.04 &#8211; 14.04.2020 r. Zako\u0144czenie rocznych zaj\u0119\u0107 dydaktyczno-wychowawczych &#8211; 26.06.2020 r. Ferie letnie &#8211; 27.06 &#8211; 31.08.2020 r. Dodatkowe dni wolne od zaj\u0119\u0107 dydaktyczno-wychowawczych: 02.11.2019 &#8211; [&hellip;]<\/p>\n","protected":false},"author":1,"featured_media":0,"parent":0,"menu_order":0,"comment_status":"closed","ping_status":"closed","template":"","meta":[],"_links":{"self":[{"href":"https:\/\/www.sp3ciechanow.eu\/bip\/index.php?rest_route=\/wp\/v2\/pages\/34"}],"collection":[{"href":"https:\/\/www.sp3ciechanow.eu\/bip\/index.php?rest_route=\/wp\/v2\/pages"}],"about":[{"href":"https:\/\/www.sp3ciechanow.eu\/bip\/index.php?rest_route=\/wp\/v2\/types\/page"}],"author":[{"embeddable":true,"href":"https:\/\/www.sp3ciechanow.eu\/bip\/index.php?rest_route=\/wp\/v2\/users\/1"}],"replies":[{"embeddable":true,"href":"https:\/\/www.sp3ciechanow.eu\/bip\/index.php?rest_route=%2Fwp%2Fv2%2Fcomments&post=34"}],"version-history":[{"count":9,"href":"https:\/\/www.sp3ciechanow.eu\/bip\/index.php?rest_route=\/wp\/v2\/pages\/34\/revisions"}],"predecessor-version":[{"id":1206,"href":"https:\/\/www.sp3ciechanow.eu\/bip\/index.php?rest_route=\/wp\/v2\/pages\/34\/revisions\/1206"}],"wp:attachment":[{"href":"https:\/\/www.sp3ciechanow.eu\/bip\/index.php?rest_route=%2Fwp%2Fv2%2Fmedia&parent=34"}],"curies":[{"name":"wp","href":"https:\/\/api.w.org\/{rel}","templated":true}]}}